{"id":1438,"date":"2022-02-02T22:07:59","date_gmt":"2022-02-02T21:07:59","guid":{"rendered":"https:\/\/lightcoaching.ch\/prodotto\/atelier-de-peinture\/"},"modified":"2022-05-10T14:48:47","modified_gmt":"2022-05-10T12:48:47","slug":"atelier-de-peinture","status":"publish","type":"product","link":"https:\/\/lightcoaching.ch\/fr\/prodotto\/atelier-de-peinture\/","title":{"rendered":"Atelier de peinture"},"content":{"rendered":"","protected":false},"excerpt":{"rendered":"<p>Exprimer nos \u00e9motions par la peinture est  <strong>un excellent exercice<\/strong> pour d\u00e9tendre l&rsquo;atmosph\u00e8re, distraire l&rsquo;esprit, connecter le c\u0153ur et le cerveau pour am\u00e9liorer notre intelligence \u00e9motionnelle.  L&rsquo;<strong>activit\u00e9 cr\u00e9ative \u00e9duque le cerveau<\/strong> et brise le cercle vicieux des pens\u00e9es n\u00e9gatives qui met notre syst\u00e8me nerveux en boucle et cr\u00e9e des attitudes nuisibles \u00e0 notre vie quotidienne.<\/p>\n<p>Possibilit\u00e9 d&rsquo;organiser des ateliers \u00e0 domicile ou en ligne.<\/p>\n<p>3 couleurs primaires (jaune, rouge et bleu), plus peinture acrylique blanche et noire ; 3 toiles de 30 cm x 40 cm.<\/p>\n<p>Dur\u00e9e : 4 sessions mensuelles de 2 heures chacune.<\/p>\n<p>Langue : italien, fran\u00e7ais.<\/p>\n","protected":false},"featured_media":1031,"comment_status":"open","ping_status":"open","template":"","meta":{"_seopress_robots_primary_cat":"none","_seopress_titles_title":"","_seopress_titles_desc":"","_seopress_robots_index":""},"product_brand":[],"product_cat":[52],"product_tag":[],"class_list":{"0":"post-1438","1":"product","2":"type-product","3":"status-publish","4":"has-post-thumbnail","6":"product_cat-life-coaching-fr","8":"first","9":"instock","10":"shipping-taxable","11":"purchasable","12":"product-type-simple"},"exclude_global_add_ons":[],"addons":[],"_links":{"self":[{"href":"https:\/\/lightcoaching.ch\/fr\/wp-json\/wp\/v2\/product\/1438","targetHints":{"allow":["GET"]}}],"collection":[{"href":"https:\/\/lightcoaching.ch\/fr\/wp-json\/wp\/v2\/product"}],"about":[{"href":"https:\/\/lightcoaching.ch\/fr\/wp-json\/wp\/v2\/types\/product"}],"replies":[{"embeddable":true,"href":"https:\/\/lightcoaching.ch\/fr\/wp-json\/wp\/v2\/comments?post=1438"}],"wp:featuredmedia":[{"embeddable":true,"href":"https:\/\/lightcoaching.ch\/fr\/wp-json\/wp\/v2\/media\/1031"}],"wp:attachment":[{"href":"https:\/\/lightcoaching.ch\/fr\/wp-json\/wp\/v2\/media?parent=1438"}],"wp:term":[{"taxonomy":"product_brand","embeddable":true,"href":"https:\/\/lightcoaching.ch\/fr\/wp-json\/wp\/v2\/product_brand?post=1438"},{"taxonomy":"product_cat","embeddable":true,"href":"https:\/\/lightcoaching.ch\/fr\/wp-json\/wp\/v2\/product_cat?post=1438"},{"taxonomy":"product_tag","embeddable":true,"href":"https:\/\/lightcoaching.ch\/fr\/wp-json\/wp\/v2\/product_tag?post=1438"}],"curies":[{"name":"wp","href":"https:\/\/api.w.org\/{rel}","templated":true}]}}