{"id":1435,"date":"2022-02-02T22:06:33","date_gmt":"2022-02-02T21:06:33","guid":{"rendered":"https:\/\/lightcoaching.ch\/prodotto\/seance-de-reiki\/"},"modified":"2022-05-10T14:46:21","modified_gmt":"2022-05-10T12:46:21","slug":"seance-de-reiki","status":"publish","type":"product","link":"https:\/\/lightcoaching.ch\/fr\/prodotto\/seance-de-reiki\/","title":{"rendered":"S\u00e9ance de Reiki"},"content":{"rendered":"","protected":false},"excerpt":{"rendered":"<p>Le Reiki est une technique japonaise imm\u00e9diate et naturelle qui, \u00e0 l&rsquo;aide de ses propres mains et de son \u00e9nergie, <strong>permet de se r\u00e9\u00e9quilibrer<\/strong> et de retrouver un <strong>bien-\u00eatre mental et physique<\/strong>.<\/p>\n<p>Possibilit\u00e9 de r\u00e9aliser la session \u00e0 domicile ou \u00e0 distance.<\/p>\n<p>Le prix est bas\u00e9 sur une session unique d&rsquo;environ 1 heure 30 minutes.<\/p>\n","protected":false},"featured_media":1034,"comment_status":"open","ping_status":"open","template":"","meta":{"_seopress_robots_primary_cat":"none","_seopress_titles_title":"","_seopress_titles_desc":"","_seopress_robots_index":""},"product_brand":[],"product_cat":[52],"product_tag":[],"class_list":{"0":"post-1435","1":"product","2":"type-product","3":"status-publish","4":"has-post-thumbnail","6":"product_cat-life-coaching-fr","8":"first","9":"instock","10":"shipping-taxable","11":"purchasable","12":"product-type-simple"},"exclude_global_add_ons":[],"addons":[],"_links":{"self":[{"href":"https:\/\/lightcoaching.ch\/fr\/wp-json\/wp\/v2\/product\/1435","targetHints":{"allow":["GET"]}}],"collection":[{"href":"https:\/\/lightcoaching.ch\/fr\/wp-json\/wp\/v2\/product"}],"about":[{"href":"https:\/\/lightcoaching.ch\/fr\/wp-json\/wp\/v2\/types\/product"}],"replies":[{"embeddable":true,"href":"https:\/\/lightcoaching.ch\/fr\/wp-json\/wp\/v2\/comments?post=1435"}],"wp:featuredmedia":[{"embeddable":true,"href":"https:\/\/lightcoaching.ch\/fr\/wp-json\/wp\/v2\/media\/1034"}],"wp:attachment":[{"href":"https:\/\/lightcoaching.ch\/fr\/wp-json\/wp\/v2\/media?parent=1435"}],"wp:term":[{"taxonomy":"product_brand","embeddable":true,"href":"https:\/\/lightcoaching.ch\/fr\/wp-json\/wp\/v2\/product_brand?post=1435"},{"taxonomy":"product_cat","embeddable":true,"href":"https:\/\/lightcoaching.ch\/fr\/wp-json\/wp\/v2\/product_cat?post=1435"},{"taxonomy":"product_tag","embeddable":true,"href":"https:\/\/lightcoaching.ch\/fr\/wp-json\/wp\/v2\/product_tag?post=1435"}],"curies":[{"name":"wp","href":"https:\/\/api.w.org\/{rel}","templated":true}]}}