{"id":1439,"date":"2022-02-02T22:07:59","date_gmt":"2022-02-02T21:07:59","guid":{"rendered":"https:\/\/lightcoaching.ch\/prodotto\/malerei-workshop\/"},"modified":"2022-05-10T14:48:51","modified_gmt":"2022-05-10T12:48:51","slug":"malerei-workshop","status":"publish","type":"product","link":"https:\/\/lightcoaching.ch\/de\/prodotto\/malerei-workshop\/","title":{"rendered":"Malerei-Workshop"},"content":{"rendered":"","protected":false},"excerpt":{"rendered":"<p>Unsere Gef\u00fchle durch Malerei auszudr\u00fccken ist  <strong>eine gro\u00dfartige \u00dcbung<\/strong>, um die Stimmung aufzuhellen, den Verstand abzulenken, das Herz und das Gehirn zu verbinden und unsere emotionale Intelligenz zu verbessern.  <strong>Kreative T\u00e4tigkeit erzieht das Gehirn<\/strong> und durchbricht den Teufelskreis negativer Gedanken, der unser Nervensystem in eine Schleife bringt und Einstellungen erzeugt, die f\u00fcr unser t\u00e4gliches Leben sch\u00e4dlich sind.<\/p>\n<p>Es besteht die M\u00f6glichkeit, Workshops zu Hause oder online durchzuf\u00fchren.<\/p>\n<p>3 Grundfarben (gelb, rot und blau), dazu wei\u00dfe und schwarze Acrylfarbe; 3 Leinw\u00e4nde 30 cm x 40 cm.<\/p>\n<p>Dauer: 4 monatliche Sitzungen zu je 2 Stunden.<\/p>\n<p>Sprache: Italienisch, Franz\u00f6sisch.<\/p>\n","protected":false},"featured_media":1032,"comment_status":"open","ping_status":"open","template":"","meta":{"_seopress_robots_primary_cat":"none","_seopress_titles_title":"","_seopress_titles_desc":"","_seopress_robots_index":""},"product_brand":[],"product_cat":[53],"product_tag":[],"class_list":{"0":"post-1439","1":"product","2":"type-product","3":"status-publish","4":"has-post-thumbnail","6":"product_cat-life-coaching-de","8":"first","9":"instock","10":"shipping-taxable","11":"purchasable","12":"product-type-simple"},"exclude_global_add_ons":[],"addons":[],"_links":{"self":[{"href":"https:\/\/lightcoaching.ch\/de\/wp-json\/wp\/v2\/product\/1439","targetHints":{"allow":["GET"]}}],"collection":[{"href":"https:\/\/lightcoaching.ch\/de\/wp-json\/wp\/v2\/product"}],"about":[{"href":"https:\/\/lightcoaching.ch\/de\/wp-json\/wp\/v2\/types\/product"}],"replies":[{"embeddable":true,"href":"https:\/\/lightcoaching.ch\/de\/wp-json\/wp\/v2\/comments?post=1439"}],"wp:featuredmedia":[{"embeddable":true,"href":"https:\/\/lightcoaching.ch\/de\/wp-json\/wp\/v2\/media\/1032"}],"wp:attachment":[{"href":"https:\/\/lightcoaching.ch\/de\/wp-json\/wp\/v2\/media?parent=1439"}],"wp:term":[{"taxonomy":"product_brand","embeddable":true,"href":"https:\/\/lightcoaching.ch\/de\/wp-json\/wp\/v2\/product_brand?post=1439"},{"taxonomy":"product_cat","embeddable":true,"href":"https:\/\/lightcoaching.ch\/de\/wp-json\/wp\/v2\/product_cat?post=1439"},{"taxonomy":"product_tag","embeddable":true,"href":"https:\/\/lightcoaching.ch\/de\/wp-json\/wp\/v2\/product_tag?post=1439"}],"curies":[{"name":"wp","href":"https:\/\/api.w.org\/{rel}","templated":true}]}}